{"id":4558,"date":"2023-11-15T22:47:34","date_gmt":"2023-11-15T22:47:34","guid":{"rendered":"https:\/\/www.doctorinalmunecar.com\/?page_id=4558"},"modified":"2024-04-23T12:59:46","modified_gmt":"2024-04-23T12:59:46","slug":"privacy-policy","status":"publish","type":"page","link":"https:\/\/www.doctorinalmunecar.com\/sv\/privacy-policy\/","title":{"rendered":"Privacy Policy"},"content":{"rendered":"\t\t<div data-elementor-type=\"wp-page\" data-elementor-id=\"4558\" class=\"elementor elementor-4558\" data-elementor-post-type=\"page\">\n\t\t\t\t\t\t<section class=\"elementor-section elementor-top-section elementor-element elementor-element-3759f5ec elementor-section-boxed elementor-section-height-default elementor-section-height-default\" data-id=\"3759f5ec\" data-element_type=\"section\" data-settings=\"{&quot;jet_parallax_layout_list&quot;:[]}\">\n\t\t\t\t\t\t<div class=\"elementor-container elementor-column-gap-default\">\n\t\t\t\t\t<div class=\"elementor-column elementor-col-100 elementor-top-column elementor-element elementor-element-2f633445\" data-id=\"2f633445\" data-element_type=\"column\">\n\t\t\t<div class=\"elementor-widget-wrap elementor-element-populated\">\n\t\t\t\t\t\t<div class=\"elementor-element elementor-element-3468b02a elementor-widget elementor-widget-text-editor\" data-id=\"3468b02a\" data-element_type=\"widget\" data-widget_type=\"text-editor.default\">\n\t\t\t\t<div class=\"elementor-widget-container\">\n\t\t\t\t\t\t\t<h2 id=\"h-who-we-are\" class=\"wp-block-heading\">1. USER INFORMATION<\/h2><div class=\"page\" role=\"region\" data-page-number=\"11\" aria-label=\"Page 11\" data-loaded=\"true\"><p class=\"textLayer\"><strong><span dir=\"ltr\" style=\"color: #333399;\" role=\"presentation\">Who is the controller of your personal data?<\/span><\/strong><\/p><p class=\"textLayer\"><br role=\"presentation\" \/><strong><span dir=\"ltr\" role=\"presentation\">Doctor Almu\u00f1ecar SL <\/span><\/strong><span dir=\"ltr\" role=\"presentation\">is the Controller of the USER\u2019s personal data and informs him\/her that these data shall <\/span><span dir=\"ltr\" role=\"presentation\">be processed in accordance with the provisions of Regulation (EU) 2016\/679 of 27 April (GDPR) and the Organic Law <\/span><span dir=\"ltr\" role=\"presentation\">3\/2018 of 5 December (LOPDGDD).<\/span><\/p><p class=\"textLayer\"><br role=\"presentation\" \/><strong><span dir=\"ltr\" style=\"color: #333399;\" role=\"presentation\">For what purpose do we process your personal data and why do we do it?<\/span><\/strong><\/p><p class=\"textLayer\"><br role=\"presentation\" \/><span dir=\"ltr\" role=\"presentation\">Depending on the form from which we have obtained the personal data, we will process it confidentially for the following <\/span><span dir=\"ltr\" role=\"presentation\">purposes:<\/span><\/p><p class=\"textLayer\"><br role=\"presentation\" \/><strong><span dir=\"ltr\" style=\"color: #333399;\" role=\"presentation\">For how long will we keep your personal data?<\/span><\/strong><\/p><p class=\"textLayer\"><br role=\"presentation\" \/><span dir=\"ltr\" role=\"presentation\">Data shall be stored for no longer than is necessary to maintain the purpose of the processing or for as long as there are <\/span><span dir=\"ltr\" role=\"presentation\">legal prescriptions dictating their custody, and when such purpose is no longer necessary the data shall be erased with <\/span><span dir=\"ltr\" role=\"presentation\">appropriate security measures to ensure the anonymization of the data or their complete destruction.<\/span><\/p><p class=\"textLayer\"><br role=\"presentation\" \/><strong><span dir=\"ltr\" style=\"color: #333399;\" role=\"presentation\">To whom do we disclose your personal data?<\/span><\/strong><\/p><p class=\"textLayer\"><br role=\"presentation\" \/><span dir=\"ltr\" role=\"presentation\">No communication of personal data to third parties is foreseen except, if necessary for the development and execution of <\/span><span dir=\"ltr\" role=\"presentation\">the purposes of the processing, to our suppliers of services related to communications, with which the CONTROLLER <\/span><span dir=\"ltr\" role=\"presentation\">has signed the confidentiality and data processor contracts required by\u00a0 current privacy regulations.<\/span><\/p><p class=\"textLayer\"><br role=\"presentation\" \/><strong><span dir=\"ltr\" style=\"color: #333399;\" role=\"presentation\">What are your rights?<\/span><\/strong><\/p><p class=\"textLayer\"><br role=\"presentation\" \/><span dir=\"ltr\" role=\"presentation\">The rights of the USER are:<\/span><\/p><p class=\"textLayer\"><br role=\"presentation\" \/><span dir=\"ltr\" role=\"presentation\">\u00a0 \u00a0 \u00a0 \u00a0 \u00a0-Right to withdraw consent at any time.<\/span><\/p><p class=\"textLayer\"><br role=\"presentation\" \/><span dir=\"ltr\" role=\"presentation\">\u00a0 \u00a0 \u00a0 \u00a0 \u00a0-Right of access, rectification, portability and erasure of your data and the limitation or objection to their <\/span><span dir=\"ltr\" role=\"presentation\">processing.<\/span><\/p><p class=\"textLayer\"><br role=\"presentation\" \/><span dir=\"ltr\" role=\"presentation\">\u00a0 \u00a0 \u00a0 \u00a0 \u00a0-The right to file a claim with the Spanish Supervisory Authority (www.aepd.es) if you consider that the processing <\/span><span dir=\"ltr\" role=\"presentation\">does not comply with the current legislation.<\/span><\/p><p class=\"textLayer\"><br role=\"presentation\" \/><strong><span dir=\"ltr\" role=\"presentation\">Contact information for exercising rights<\/span><span dir=\"ltr\" role=\"presentation\">:<\/span><\/strong><\/p><p class=\"textLayer\"><span dir=\"ltr\" role=\"presentation\">Doctor Almu\u00f1ecar SL. Avenida Juan Carlos I, 5 Bajo &#8211; 18690 Almu\u00f1ecar (Granada). E-mail: info@doctorinalmunecar.com<\/span><\/p><p><strong><span dir=\"ltr\" role=\"presentation\">Contact details of the data protection officer:<\/span><\/strong><\/p><p class=\"textLayer\"><span dir=\"ltr\" role=\"presentation\">BM GESTDATA, S.L &#8211; ONTIDATA, Avda. <\/span><span dir=\"ltr\" role=\"presentation\">Albaida, 19, 46870 Ontinyent &#8211; dpd@ontidata.es<\/span><\/p><h2 id=\"h-who-we-are\" class=\"wp-block-heading\">2. COMPULSORY OR OPTIONAL NATURE OF THE INFORMATION PROVIDED BY THE USER<\/h2><p class=\"textLayer\"><br role=\"presentation\" \/><span dir=\"ltr\" role=\"presentation\">The USERS, by marking the corresponding boxes and entering data in the fields, marked with an asterisk (*) in the <\/span><span dir=\"ltr\" role=\"presentation\">contact form or download forms, accept expressly and in a free and unequivocal way that their data are necessary for the <\/span><span dir=\"ltr\" role=\"presentation\">supplier to meet their request, voluntarily providing their data in the remaining fields. The USER ensures that the <\/span><span dir=\"ltr\" role=\"presentation\">personal data provided to the CONTROLLER are true and is responsible for communicating any changes to them.<\/span><\/p><div class=\"endOfContent\"><div class=\"page\" role=\"region\" data-page-number=\"12\" aria-label=\"Page 12\" data-loaded=\"true\"><div class=\"textLayer\"><span dir=\"ltr\" role=\"presentation\">The CONTROLLER informs that all data requested through the website are mandatory, as they are necessary for the <\/span><span dir=\"ltr\" role=\"presentation\">provision of an optimal service to the USER. In the event that not all of the data is provided, there is no guarantee that <\/span><span dir=\"ltr\" role=\"presentation\">the information and services provided will be completely adapted to the User\u2019s needs.<\/span><\/div><div>\u00a0<\/div><div class=\"textLayer\"><h2 id=\"h-who-we-are\" class=\"wp-block-heading\">3. SECURITY MEASURES<\/h2><p><br role=\"presentation\" \/><span dir=\"ltr\" role=\"presentation\">That in accordance with the provisions of the current regulations on the protection of personal data, the CONTROLLER <\/span><span dir=\"ltr\" role=\"presentation\">is complying with all the provisions of the GDPR and LOPDGDD regulations for processing the personal data for which <\/span><span dir=\"ltr\" role=\"presentation\">they are responsible, and is manifestly complying with the principles described in Article 5 of the GDPR, by which they <\/span><span dir=\"ltr\" role=\"presentation\">are processed in a lawful, fair and transparent manner in relation to the data subject and appropriate, relevant and limited <\/span><span dir=\"ltr\" role=\"presentation\">to what is necessary in relation to the purposes for which they are processed.<\/span><\/p><\/div><div class=\"textLayer\"><br role=\"presentation\" \/><span dir=\"ltr\" role=\"presentation\">The CONTROLLER guarantees that all appropriate technical and organisational policies have been implemented to <\/span><span dir=\"ltr\" role=\"presentation\">apply the security measures established by GDPR and LOPDGDD in order to protect the rights and freedoms of the <\/span><span dir=\"ltr\" role=\"presentation\">USERS, and has communicated the appropriate information for them to be able to exercise their rights and freedoms.<\/span><\/div><div class=\"textLayer\"><p><br role=\"presentation\" \/><span dir=\"ltr\" role=\"presentation\">For more information about privacy safeguards, you can contact the<\/span> <span dir=\"ltr\" role=\"presentation\">CONTROLLER via de Doctor<br \/>Almu\u00f1ecar SL. Avenida Juan Carlos I, 5 Bajo &#8211; 18690 Almu\u00f1ecar (Granada). E-mail: info@doctorinalmunecar.com.<\/span><\/p><p><span dir=\"ltr\" role=\"presentation\">Contact details of <\/span><span dir=\"ltr\" role=\"presentation\">the data protection officer:<\/span> <span dir=\"ltr\" role=\"presentation\">BM GESTDATA, S.L &#8211; ONTIDATA, Avda. Albaida, 19, 46870 Ontinyent &#8211; dpd@ontidata.es<\/span><\/p><\/div><\/div><\/div><\/div>\t\t\t\t\t\t<\/div>\n\t\t\t\t<\/div>\n\t\t\t\t\t<\/div>\n\t\t<\/div>\n\t\t\t\t\t<\/div>\n\t\t<\/section>\n\t\t\t\t<\/div>\n\t\t","protected":false},"excerpt":{"rendered":"<p>1. USER INFORMATION Who is the controller of your personal data? Doctor Almu\u00f1ecar SL is the Controller of the USER\u2019s personal data and informs him\/her that these data shall be processed in accordance with the provisions of Regulation (EU) 2016\/679 of 27 April (GDPR) and the Organic Law 3\/2018 of 5 December (LOPDGDD). For what [&hellip;]<\/p>\n","protected":false},"author":7,"featured_media":0,"parent":0,"menu_order":0,"comment_status":"closed","ping_status":"closed","template":"","meta":{"footnotes":""},"class_list":["post-4558","page","type-page","status-publish","hentry"],"yoast_head":"<!-- This site is optimized with the Yoast SEO plugin v23.4 - https:\/\/yoast.com\/wordpress\/plugins\/seo\/ -->\n<title>Privacy Policy - Doctor in Almu\u00f1ecar<\/title>\n<meta name=\"robots\" content=\"noindex, nofollow\" \/>\n<meta property=\"og:locale\" content=\"sv_SE\" \/>\n<meta property=\"og:type\" content=\"article\" \/>\n<meta property=\"og:title\" content=\"Privacy Policy - Doctor in Almu\u00f1ecar\" \/>\n<meta property=\"og:description\" content=\"1. USER INFORMATION Who is the controller of your personal data? Doctor Almu\u00f1ecar SL is the Controller of the USER\u2019s personal data and informs him\/her that these data shall be processed in accordance with the provisions of Regulation (EU) 2016\/679 of 27 April (GDPR) and the Organic Law 3\/2018 of 5 December (LOPDGDD). For what [&hellip;]\" \/>\n<meta property=\"og:url\" content=\"https:\/\/www.doctorinalmunecar.com\/privacy-policy\/\" \/>\n<meta property=\"og:site_name\" content=\"Doctor in Almu\u00f1ecar\" \/>\n<meta property=\"article:modified_time\" content=\"2024-04-23T12:59:46+00:00\" \/>\n<meta name=\"twitter:card\" content=\"summary_large_image\" \/>\n<meta name=\"twitter:label1\" content=\"Ber\u00e4knad l\u00e4stid\" \/>\n\t<meta name=\"twitter:data1\" content=\"3 minuter\" \/>\n<script type=\"application\/ld+json\" class=\"yoast-schema-graph\">{\"@context\":\"https:\/\/schema.org\",\"@graph\":[{\"@type\":\"WebPage\",\"@id\":\"https:\/\/www.doctorinalmunecar.com\/privacy-policy\/\",\"url\":\"https:\/\/www.doctorinalmunecar.com\/privacy-policy\/\",\"name\":\"Privacy Policy - Doctor in Almu\u00f1ecar\",\"isPartOf\":{\"@id\":\"https:\/\/www.doctorinalmunecar.com\/#website\"},\"datePublished\":\"2023-11-15T22:47:34+00:00\",\"dateModified\":\"2024-04-23T12:59:46+00:00\",\"breadcrumb\":{\"@id\":\"https:\/\/www.doctorinalmunecar.com\/privacy-policy\/#breadcrumb\"},\"inLanguage\":\"sv-SE\",\"potentialAction\":[{\"@type\":\"ReadAction\",\"target\":[\"https:\/\/www.doctorinalmunecar.com\/privacy-policy\/\"]}]},{\"@type\":\"BreadcrumbList\",\"@id\":\"https:\/\/www.doctorinalmunecar.com\/privacy-policy\/#breadcrumb\",\"itemListElement\":[{\"@type\":\"ListItem\",\"position\":1,\"name\":\"Home\",\"item\":\"https:\/\/www.doctorinalmunecar.com\/\"},{\"@type\":\"ListItem\",\"position\":2,\"name\":\"Privacy Policy\"}]},{\"@type\":\"WebSite\",\"@id\":\"https:\/\/www.doctorinalmunecar.com\/#website\",\"url\":\"https:\/\/www.doctorinalmunecar.com\/\",\"name\":\"Doctor in Almu\u00f1ecar\",\"description\":\"Doctor in Almu\u00f1ecar\",\"publisher\":{\"@id\":\"https:\/\/www.doctorinalmunecar.com\/#organization\"},\"potentialAction\":[{\"@type\":\"SearchAction\",\"target\":{\"@type\":\"EntryPoint\",\"urlTemplate\":\"https:\/\/www.doctorinalmunecar.com\/?s={search_term_string}\"},\"query-input\":{\"@type\":\"PropertyValueSpecification\",\"valueRequired\":true,\"valueName\":\"search_term_string\"}}],\"inLanguage\":\"sv-SE\"},{\"@type\":\"Organization\",\"@id\":\"https:\/\/www.doctorinalmunecar.com\/#organization\",\"name\":\"Doctor in Almu\u00f1ecar\",\"url\":\"https:\/\/www.doctorinalmunecar.com\/\",\"logo\":{\"@type\":\"ImageObject\",\"inLanguage\":\"sv-SE\",\"@id\":\"https:\/\/www.doctorinalmunecar.com\/#\/schema\/logo\/image\/\",\"url\":\"https:\/\/www.doctorinalmunecar.com\/wp-content\/uploads\/2021\/12\/logo-small.jpg\",\"contentUrl\":\"https:\/\/www.doctorinalmunecar.com\/wp-content\/uploads\/2021\/12\/logo-small.jpg\",\"width\":204,\"height\":205,\"caption\":\"Doctor in Almu\u00f1ecar\"},\"image\":{\"@id\":\"https:\/\/www.doctorinalmunecar.com\/#\/schema\/logo\/image\/\"}}]}<\/script>\n<!-- \/ Yoast SEO plugin. -->","yoast_head_json":{"title":"Privacy Policy - Doctor in Almu\u00f1ecar","robots":{"index":"noindex","follow":"nofollow"},"og_locale":"sv_SE","og_type":"article","og_title":"Privacy Policy - Doctor in Almu\u00f1ecar","og_description":"1. USER INFORMATION Who is the controller of your personal data? Doctor Almu\u00f1ecar SL is the Controller of the USER\u2019s personal data and informs him\/her that these data shall be processed in accordance with the provisions of Regulation (EU) 2016\/679 of 27 April (GDPR) and the Organic Law 3\/2018 of 5 December (LOPDGDD). For what [&hellip;]","og_url":"https:\/\/www.doctorinalmunecar.com\/privacy-policy\/","og_site_name":"Doctor in Almu\u00f1ecar","article_modified_time":"2024-04-23T12:59:46+00:00","twitter_card":"summary_large_image","twitter_misc":{"Ber\u00e4knad l\u00e4stid":"3 minuter"},"schema":{"@context":"https:\/\/schema.org","@graph":[{"@type":"WebPage","@id":"https:\/\/www.doctorinalmunecar.com\/privacy-policy\/","url":"https:\/\/www.doctorinalmunecar.com\/privacy-policy\/","name":"Privacy Policy - Doctor in Almu\u00f1ecar","isPartOf":{"@id":"https:\/\/www.doctorinalmunecar.com\/#website"},"datePublished":"2023-11-15T22:47:34+00:00","dateModified":"2024-04-23T12:59:46+00:00","breadcrumb":{"@id":"https:\/\/www.doctorinalmunecar.com\/privacy-policy\/#breadcrumb"},"inLanguage":"sv-SE","potentialAction":[{"@type":"ReadAction","target":["https:\/\/www.doctorinalmunecar.com\/privacy-policy\/"]}]},{"@type":"BreadcrumbList","@id":"https:\/\/www.doctorinalmunecar.com\/privacy-policy\/#breadcrumb","itemListElement":[{"@type":"ListItem","position":1,"name":"Home","item":"https:\/\/www.doctorinalmunecar.com\/"},{"@type":"ListItem","position":2,"name":"Privacy Policy"}]},{"@type":"WebSite","@id":"https:\/\/www.doctorinalmunecar.com\/#website","url":"https:\/\/www.doctorinalmunecar.com\/","name":"Doctor in Almu\u00f1ecar","description":"Doctor in Almu\u00f1ecar","publisher":{"@id":"https:\/\/www.doctorinalmunecar.com\/#organization"},"potentialAction":[{"@type":"SearchAction","target":{"@type":"EntryPoint","urlTemplate":"https:\/\/www.doctorinalmunecar.com\/?s={search_term_string}"},"query-input":{"@type":"PropertyValueSpecification","valueRequired":true,"valueName":"search_term_string"}}],"inLanguage":"sv-SE"},{"@type":"Organization","@id":"https:\/\/www.doctorinalmunecar.com\/#organization","name":"Doctor in Almu\u00f1ecar","url":"https:\/\/www.doctorinalmunecar.com\/","logo":{"@type":"ImageObject","inLanguage":"sv-SE","@id":"https:\/\/www.doctorinalmunecar.com\/#\/schema\/logo\/image\/","url":"https:\/\/www.doctorinalmunecar.com\/wp-content\/uploads\/2021\/12\/logo-small.jpg","contentUrl":"https:\/\/www.doctorinalmunecar.com\/wp-content\/uploads\/2021\/12\/logo-small.jpg","width":204,"height":205,"caption":"Doctor in Almu\u00f1ecar"},"image":{"@id":"https:\/\/www.doctorinalmunecar.com\/#\/schema\/logo\/image\/"}}]}},"jetpack_sharing_enabled":true,"_links":{"self":[{"href":"https:\/\/www.doctorinalmunecar.com\/sv\/wp-json\/wp\/v2\/pages\/4558"}],"collection":[{"href":"https:\/\/www.doctorinalmunecar.com\/sv\/wp-json\/wp\/v2\/pages"}],"about":[{"href":"https:\/\/www.doctorinalmunecar.com\/sv\/wp-json\/wp\/v2\/types\/page"}],"author":[{"embeddable":true,"href":"https:\/\/www.doctorinalmunecar.com\/sv\/wp-json\/wp\/v2\/users\/7"}],"replies":[{"embeddable":true,"href":"https:\/\/www.doctorinalmunecar.com\/sv\/wp-json\/wp\/v2\/comments?post=4558"}],"version-history":[{"count":14,"href":"https:\/\/www.doctorinalmunecar.com\/sv\/wp-json\/wp\/v2\/pages\/4558\/revisions"}],"predecessor-version":[{"id":4742,"href":"https:\/\/www.doctorinalmunecar.com\/sv\/wp-json\/wp\/v2\/pages\/4558\/revisions\/4742"}],"wp:attachment":[{"href":"https:\/\/www.doctorinalmunecar.com\/sv\/wp-json\/wp\/v2\/media?parent=4558"}],"curies":[{"name":"wp","href":"https:\/\/api.w.org\/{rel}","templated":true}]}}