{"id":4590,"date":"2024-02-06T08:54:39","date_gmt":"2024-02-06T08:54:39","guid":{"rendered":"https:\/\/www.doctorinalmunecar.com\/?page_id=4590"},"modified":"2024-04-23T13:00:00","modified_gmt":"2024-04-23T13:00:00","slug":"legal-notice","status":"publish","type":"page","link":"https:\/\/www.doctorinalmunecar.com\/sv\/legal-notice\/","title":{"rendered":"Legal notice"},"content":{"rendered":"\t\t<div data-elementor-type=\"wp-page\" data-elementor-id=\"4590\" class=\"elementor elementor-4590\" data-elementor-post-type=\"page\">\n\t\t\t\t\t\t<section class=\"elementor-section elementor-top-section elementor-element elementor-element-657de1f elementor-section-boxed elementor-section-height-default elementor-section-height-default\" data-id=\"657de1f\" data-element_type=\"section\" data-settings=\"{&quot;jet_parallax_layout_list&quot;:[]}\">\n\t\t\t\t\t\t<div class=\"elementor-container elementor-column-gap-default\">\n\t\t\t\t\t<div class=\"elementor-column elementor-col-100 elementor-top-column elementor-element elementor-element-e450d65\" data-id=\"e450d65\" data-element_type=\"column\">\n\t\t\t<div class=\"elementor-widget-wrap elementor-element-populated\">\n\t\t\t\t\t\t<div class=\"elementor-element elementor-element-1842885 elementor-widget elementor-widget-text-editor\" data-id=\"1842885\" data-element_type=\"widget\" data-widget_type=\"text-editor.default\">\n\t\t\t\t<div class=\"elementor-widget-container\">\n\t\t\t\t\t\t\t<h2 style=\"text-align: center;\">INFORMATION SOCIETY SERVICES ACT (LSSI)<\/h2><p>Doctor Almu\u00f1ecar SL, the person responsible for the website, hereinafter the CONTROLLER, makes this document available to users, which is intended to comply with the obligations provided in Act 34\/2002 of 11 July, on Information Society and Electronic Commerce Services (LSSICE), Spanish Official State Journal No. 166, as well as informing all website users of the conditions of use.<br \/>Any person who accesses this website acquires the status of user, and as such undertakes to strictly observe and comply with the provisions provided herein, as well as any other applicable legal clause.<br \/>Doctor Almu\u00f1ecar SL reserves the right to modify any type of information that may appear on the website, and is not obliged to give prior notice or inform users of such obligations, with publication on the website of Doctor Almu\u00f1ecar SL being understood as sufficient.<\/p><h3>1. IDENTIFICATION DATA<\/h3><p>Nombre de dominio: www.doctorinalmunecar.com\/<br \/>Domain name: Almu\u00f1\u00e9car Medical Center<br \/>Company name: Doctor Almu\u00f1ecar SL<br \/>TIN: B56579790<br \/>Registered address: Avenida Juan Carlos I, 5 Bajo 18690 Almu\u00f1ecar (Granada)<br \/>Telephone: 624273885<br \/>E-mail: info@doctorinalmunecar.com<br \/>Registro Mercantil de Granada: omo: 1854, Folio: 54, Secci\u00f3n: 8, Hoja Registral: 60078, Inscripci\u00f3n: 1,<\/p><h3>2. INTELLECTUAL AND INDUSTRIAL PROPERTY RIGHTS<\/h3><p>The website, including but not limited to its programming, editing, compilation and other elements necessary for its operation, the designs, logos, text and\/or graphics, are owned by the CONTROLLER or, if applicable, they expressly holds a license or an express authorisation by the authors. All website contents are duly protected by intellectual and industrial property laws, and are registered in the corresponding public registries.<br \/>Regardless of their intended purpose, the total or partial reproduction, use, exploitation, distribution and commercialisation, requires in any case the prior written authorisation from the CONTROLLER. Any unauthorised use is considered a serious breach of the author\u2019s intellectual or industrial property rights.<br \/>The designs, logos, text and\/or graphics not belonging to the CONTROLLER and which may appear on the website, belong to their respective owners who are liable for any possible dispute that may arise regarding them. The CONTROLLER expressly authorises third parties to redirect to the specific content of the website, and in any case to redirect to the main website of www.doctorinalmunecar.com.<br \/>The CONTROLLER acknowledges the corresponding intellectual and industrial property rights in favour of their owners, and any mention or appearance on the website does not imply the existence of any rights or responsibility whatsoever over them, nor does it imply any endorsement, sponsorship or<br \/>recommendation by the website.<br \/>Comments regarding any possible breach of intellectual or industrial property rights, as well as regarding the contents of the website, can be made by contacting info@doctorinalmunecar.com<\/p><h3><span dir=\"ltr\" role=\"presentation\">3. EXEMPTION FROM LIABILITY<\/span><\/h3><div class=\"page\" role=\"region\" data-page-number=\"8\" aria-label=\"Page 8\" data-loaded=\"true\"><div class=\"textLayer\"><p><span dir=\"ltr\" role=\"presentation\">The RESPONSIBLE is exempt from any type of responsibility derived from the information published on <\/span><span dir=\"ltr\" role=\"presentation\">its website as long as it has no effective knowledge that this information has been manipulated or <\/span><span dir=\"ltr\" role=\"presentation\">entered by a third party unrelated to it or, if it has it, has acted diligently to withdraw the data or make <\/span><span dir=\"ltr\" role=\"presentation\">access to them impossible.<\/span><br role=\"presentation\" \/><strong><span dir=\"ltr\" role=\"presentation\">Use of Cookies<\/span><\/strong><br role=\"presentation\" \/><span dir=\"ltr\" role=\"presentation\">This website uses technical cookies (small files with information that the server sends to the computer <\/span><span dir=\"ltr\" role=\"presentation\">of the website user) in order to carry out certain functions considered necessary for the correct <\/span><span dir=\"ltr\" role=\"presentation\">functioning and preview of the website. In any case, the cookies used are temporary, with the sole <\/span><span dir=\"ltr\" role=\"presentation\">purpose of making navigation of the site more efficient, and disappear at the end of the user\u2019s session. <\/span><span dir=\"ltr\" role=\"presentation\">Under no circumstances do these cookies themselves provide personal data and will not be used for <\/span><span dir=\"ltr\" role=\"presentation\">the collection of such data.<\/span><br role=\"presentation\" \/><span dir=\"ltr\" role=\"presentation\">Through using cookies, it is also possible for the server where the website is located to recognise the <\/span><span dir=\"ltr\" role=\"presentation\">browser used by the user in order to make navigation easier, allowing, for example, users who have <\/span><span dir=\"ltr\" role=\"presentation\">previously registered to access the areas, services, promotions or contests reserved exclusively for <\/span><span dir=\"ltr\" role=\"presentation\">them without having to register on each visit. They may also be used to measure the audience or traffic <\/span><span dir=\"ltr\" role=\"presentation\">parameters, monitor the progress and number of entries, etc. In these cases, the cookies used are <\/span><span dir=\"ltr\" role=\"presentation\">technically non-essential but beneficial to the user. This website will not install non-essential cookies <\/span><span dir=\"ltr\" role=\"presentation\">without previous user consent.<\/span><br role=\"presentation\" \/><span dir=\"ltr\" role=\"presentation\">This website uses our own cookies and third-party cookies for analytical purposes and to display <\/span><span dir=\"ltr\" role=\"presentation\">personalised advertising based on a profile drawn from your browsing habits (e.g. pages visited). All <\/span><span dir=\"ltr\" role=\"presentation\">users who visit the website are informed of the use of these cookies by means of a floating banner. If its <\/span><span dir=\"ltr\" role=\"presentation\">use is accepted, the banner will disappear, although it is possible to revoke consent and to obtain more <\/span><span dir=\"ltr\" role=\"presentation\">information at any time by consulting our Cookies Policy.<\/span><br role=\"presentation\" \/><span dir=\"ltr\" role=\"presentation\">The browser may be configured by the user to alert them of the reception of cookies and to prevent <\/span><span dir=\"ltr\" role=\"presentation\">their installation on their computer. For further information, please consult the instructions of your <\/span><span dir=\"ltr\" role=\"presentation\">browser.<\/span><br role=\"presentation\" \/><strong><span dir=\"ltr\" role=\"presentation\">Link policy<\/span><\/strong><br role=\"presentation\" \/><span dir=\"ltr\" role=\"presentation\">The<\/span> <span dir=\"ltr\" role=\"presentation\">user<\/span> <span dir=\"ltr\" role=\"presentation\">of<\/span> <span dir=\"ltr\" role=\"presentation\">this<\/span> <span dir=\"ltr\" role=\"presentation\">website<\/span> <span dir=\"ltr\" role=\"presentation\">may<\/span> <span dir=\"ltr\" role=\"presentation\">be<\/span> <span dir=\"ltr\" role=\"presentation\">redirected<\/span> <span dir=\"ltr\" role=\"presentation\">to<\/span> <span dir=\"ltr\" role=\"presentation\">content<\/span> <span dir=\"ltr\" role=\"presentation\">from<\/span> <span dir=\"ltr\" role=\"presentation\">third<\/span> <span dir=\"ltr\" role=\"presentation\">party<\/span> <span dir=\"ltr\" role=\"presentation\">websites.<\/span> <span dir=\"ltr\" role=\"presentation\">Since<\/span> <span dir=\"ltr\" role=\"presentation\">the <\/span><span dir=\"ltr\" role=\"presentation\">CONTROLLER cannot always control the contents of third party websites, they do not assume any type <\/span><span dir=\"ltr\" role=\"presentation\">of responsibility with respect to said contents. In any case, the CONTROLLER will immediately remove <\/span><span dir=\"ltr\" role=\"presentation\">any content that may be in breach of national or international laws, morality or public order, and will <\/span><span dir=\"ltr\" role=\"presentation\">immediately remove the redirection to this website, informing the competent authorities of the content in <\/span><span dir=\"ltr\" role=\"presentation\">question.<\/span><br role=\"presentation\" \/><span dir=\"ltr\" role=\"presentation\">The CONTROLLER will not be responsible for the information and content found, including but not <\/span><span dir=\"ltr\" role=\"presentation\">limited to, in forums, chats, blog generators, comments, social networks or any other means that allows <\/span><span dir=\"ltr\" role=\"presentation\">third parties to publish content independently on the website of the CONTROLLER. However, and in<\/span><br role=\"presentation\" \/><span dir=\"ltr\" role=\"presentation\">accordance with Acts 11 and 16 of the LSSICE, third party content is made available to all users, <\/span><span dir=\"ltr\" role=\"presentation\">authorities, and law enforcement bodies collaborating directly on the withdrawal or blocking of all <\/span><span dir=\"ltr\" role=\"presentation\">content that may affect or violate national or international law, third party rights or public morals and <\/span><span dir=\"ltr\" role=\"presentation\">public order. In the event that the user considers there to be any content on the website that could be <\/span><span dir=\"ltr\" role=\"presentation\">considered as such, please notify the website administrator immediately.<\/span><br role=\"presentation\" \/><span dir=\"ltr\" role=\"presentation\">This website was revised and tested to enable its correct functioning. In principle, proper functioning <\/span><span dir=\"ltr\" role=\"presentation\">can be guaranteed 365 days a year, 24 hours a day. However, the CONTROLLER does not rule out the <\/span><span dir=\"ltr\" role=\"presentation\">possibility of there being certain programming errors, or that force majeure, natural disasters, strikes or<\/span><br role=\"presentation\" \/><span dir=\"ltr\" role=\"presentation\">similar circumstances may occur that make accessing the website impossible.<\/span><br role=\"presentation\" \/><strong><span dir=\"ltr\" role=\"presentation\">IP Addresses<\/span><\/strong><\/p><div class=\"endOfContent\"><div class=\"page\" role=\"region\" data-page-number=\"9\" aria-label=\"Page 9\" data-loaded=\"true\"><div class=\"textLayer\"><span dir=\"ltr\" role=\"presentation\">The website servers can detect automatically the IP address and the domain name used by the user. <\/span><span dir=\"ltr\" role=\"presentation\">An IP address is a number assigned automatically to a computer when connected to the Internet. All of <\/span><span dir=\"ltr\" role=\"presentation\">this information is recorded in a duly registered system log on the server that allows the subsequent<\/span><br role=\"presentation\" \/><span dir=\"ltr\" role=\"presentation\">processing of the data in order to obtain only statistical measurements that show us the number of page <\/span><span dir=\"ltr\" role=\"presentation\">hits, the number of visits made to the web servers, the order of visits, the access point, etc.<\/span><\/div><h3 class=\"textLayer\"><br role=\"presentation\" \/><span dir=\"ltr\" role=\"presentation\">4. APPLICABLE LAW AND JURISDICTION<\/span><\/h3><div class=\"textLayer\"><p><span dir=\"ltr\" role=\"presentation\">Spanish legislation shall apply to the resolution of all disputes or questions related to this website or the <\/span><span dir=\"ltr\" role=\"presentation\">activities carried out therein, to which the parties expressly submit themselves, and the Courts and <\/span><span dir=\"ltr\" role=\"presentation\">Tribunals of the USER\u2019s domicile or the place of fulfilment of the obligation shall be competent for the <\/span><span dir=\"ltr\" role=\"presentation\">resolution of all disputes arising from or related to its use.<\/span><\/p><div class=\"endOfContent\">\u00a0<\/div><\/div><\/div><div class=\"page\" role=\"region\" data-page-number=\"10\" aria-label=\"Page 10\" data-loaded=\"true\"><div class=\"canvasWrapper\">\u00a0<\/div><div class=\"textLayer\">\u00a0<\/div><\/div><\/div><\/div><\/div><div class=\"page\" role=\"region\" data-page-number=\"9\" aria-label=\"Page 9\" data-loaded=\"true\"><div class=\"canvasWrapper\">\u00a0<\/div><div class=\"textLayer\">\u00a0<\/div><\/div>\t\t\t\t\t\t<\/div>\n\t\t\t\t<\/div>\n\t\t\t\t\t<\/div>\n\t\t<\/div>\n\t\t\t\t\t<\/div>\n\t\t<\/section>\n\t\t\t\t<\/div>\n\t\t","protected":false},"excerpt":{"rendered":"<p>INFORMATION SOCIETY SERVICES ACT (LSSI) Doctor Almu\u00f1ecar SL, the person responsible for the website, hereinafter the CONTROLLER, makes this document available to users, which is intended to comply with the obligations provided in Act 34\/2002 of 11 July, on Information Society and Electronic Commerce Services (LSSICE), Spanish Official State Journal No. 166, as well as [&hellip;]<\/p>\n","protected":false},"author":1,"featured_media":0,"parent":0,"menu_order":0,"comment_status":"closed","ping_status":"closed","template":"","meta":{"footnotes":""},"class_list":["post-4590","page","type-page","status-publish","hentry"],"yoast_head":"<!-- This site is optimized with the Yoast SEO plugin v23.4 - https:\/\/yoast.com\/wordpress\/plugins\/seo\/ -->\n<title>Legal notice - Doctor in Almu\u00f1ecar<\/title>\n<meta name=\"robots\" content=\"noindex, nofollow\" \/>\n<meta property=\"og:locale\" content=\"sv_SE\" \/>\n<meta property=\"og:type\" content=\"article\" \/>\n<meta property=\"og:title\" content=\"Legal notice - Doctor in Almu\u00f1ecar\" \/>\n<meta property=\"og:description\" content=\"INFORMATION SOCIETY SERVICES ACT (LSSI) Doctor Almu\u00f1ecar SL, the person responsible for the website, hereinafter the CONTROLLER, makes this document available to users, which is intended to comply with the obligations provided in Act 34\/2002 of 11 July, on Information Society and Electronic Commerce Services (LSSICE), Spanish Official State Journal No. 166, as well as [&hellip;]\" \/>\n<meta property=\"og:url\" content=\"https:\/\/www.doctorinalmunecar.com\/legal-notice\/\" \/>\n<meta property=\"og:site_name\" content=\"Doctor in Almu\u00f1ecar\" \/>\n<meta property=\"article:modified_time\" content=\"2024-04-23T13:00:00+00:00\" \/>\n<meta name=\"twitter:card\" content=\"summary_large_image\" \/>\n<meta name=\"twitter:label1\" content=\"Ber\u00e4knad l\u00e4stid\" \/>\n\t<meta name=\"twitter:data1\" content=\"6 minuter\" \/>\n<script type=\"application\/ld+json\" class=\"yoast-schema-graph\">{\"@context\":\"https:\/\/schema.org\",\"@graph\":[{\"@type\":\"WebPage\",\"@id\":\"https:\/\/www.doctorinalmunecar.com\/legal-notice\/\",\"url\":\"https:\/\/www.doctorinalmunecar.com\/legal-notice\/\",\"name\":\"Legal notice - Doctor in Almu\u00f1ecar\",\"isPartOf\":{\"@id\":\"https:\/\/www.doctorinalmunecar.com\/#website\"},\"datePublished\":\"2024-02-06T08:54:39+00:00\",\"dateModified\":\"2024-04-23T13:00:00+00:00\",\"breadcrumb\":{\"@id\":\"https:\/\/www.doctorinalmunecar.com\/legal-notice\/#breadcrumb\"},\"inLanguage\":\"sv-SE\",\"potentialAction\":[{\"@type\":\"ReadAction\",\"target\":[\"https:\/\/www.doctorinalmunecar.com\/legal-notice\/\"]}]},{\"@type\":\"BreadcrumbList\",\"@id\":\"https:\/\/www.doctorinalmunecar.com\/legal-notice\/#breadcrumb\",\"itemListElement\":[{\"@type\":\"ListItem\",\"position\":1,\"name\":\"Home\",\"item\":\"https:\/\/www.doctorinalmunecar.com\/\"},{\"@type\":\"ListItem\",\"position\":2,\"name\":\"Legal notice\"}]},{\"@type\":\"WebSite\",\"@id\":\"https:\/\/www.doctorinalmunecar.com\/#website\",\"url\":\"https:\/\/www.doctorinalmunecar.com\/\",\"name\":\"Doctor in Almu\u00f1ecar\",\"description\":\"Doctor in Almu\u00f1ecar\",\"publisher\":{\"@id\":\"https:\/\/www.doctorinalmunecar.com\/#organization\"},\"potentialAction\":[{\"@type\":\"SearchAction\",\"target\":{\"@type\":\"EntryPoint\",\"urlTemplate\":\"https:\/\/www.doctorinalmunecar.com\/?s={search_term_string}\"},\"query-input\":{\"@type\":\"PropertyValueSpecification\",\"valueRequired\":true,\"valueName\":\"search_term_string\"}}],\"inLanguage\":\"sv-SE\"},{\"@type\":\"Organization\",\"@id\":\"https:\/\/www.doctorinalmunecar.com\/#organization\",\"name\":\"Doctor in Almu\u00f1ecar\",\"url\":\"https:\/\/www.doctorinalmunecar.com\/\",\"logo\":{\"@type\":\"ImageObject\",\"inLanguage\":\"sv-SE\",\"@id\":\"https:\/\/www.doctorinalmunecar.com\/#\/schema\/logo\/image\/\",\"url\":\"https:\/\/www.doctorinalmunecar.com\/wp-content\/uploads\/2021\/12\/logo-small.jpg\",\"contentUrl\":\"https:\/\/www.doctorinalmunecar.com\/wp-content\/uploads\/2021\/12\/logo-small.jpg\",\"width\":204,\"height\":205,\"caption\":\"Doctor in Almu\u00f1ecar\"},\"image\":{\"@id\":\"https:\/\/www.doctorinalmunecar.com\/#\/schema\/logo\/image\/\"}}]}<\/script>\n<!-- \/ Yoast SEO plugin. -->","yoast_head_json":{"title":"Legal notice - Doctor in Almu\u00f1ecar","robots":{"index":"noindex","follow":"nofollow"},"og_locale":"sv_SE","og_type":"article","og_title":"Legal notice - Doctor in Almu\u00f1ecar","og_description":"INFORMATION SOCIETY SERVICES ACT (LSSI) Doctor Almu\u00f1ecar SL, the person responsible for the website, hereinafter the CONTROLLER, makes this document available to users, which is intended to comply with the obligations provided in Act 34\/2002 of 11 July, on Information Society and Electronic Commerce Services (LSSICE), Spanish Official State Journal No. 166, as well as [&hellip;]","og_url":"https:\/\/www.doctorinalmunecar.com\/legal-notice\/","og_site_name":"Doctor in Almu\u00f1ecar","article_modified_time":"2024-04-23T13:00:00+00:00","twitter_card":"summary_large_image","twitter_misc":{"Ber\u00e4knad l\u00e4stid":"6 minuter"},"schema":{"@context":"https:\/\/schema.org","@graph":[{"@type":"WebPage","@id":"https:\/\/www.doctorinalmunecar.com\/legal-notice\/","url":"https:\/\/www.doctorinalmunecar.com\/legal-notice\/","name":"Legal notice - Doctor in Almu\u00f1ecar","isPartOf":{"@id":"https:\/\/www.doctorinalmunecar.com\/#website"},"datePublished":"2024-02-06T08:54:39+00:00","dateModified":"2024-04-23T13:00:00+00:00","breadcrumb":{"@id":"https:\/\/www.doctorinalmunecar.com\/legal-notice\/#breadcrumb"},"inLanguage":"sv-SE","potentialAction":[{"@type":"ReadAction","target":["https:\/\/www.doctorinalmunecar.com\/legal-notice\/"]}]},{"@type":"BreadcrumbList","@id":"https:\/\/www.doctorinalmunecar.com\/legal-notice\/#breadcrumb","itemListElement":[{"@type":"ListItem","position":1,"name":"Home","item":"https:\/\/www.doctorinalmunecar.com\/"},{"@type":"ListItem","position":2,"name":"Legal notice"}]},{"@type":"WebSite","@id":"https:\/\/www.doctorinalmunecar.com\/#website","url":"https:\/\/www.doctorinalmunecar.com\/","name":"Doctor in Almu\u00f1ecar","description":"Doctor in Almu\u00f1ecar","publisher":{"@id":"https:\/\/www.doctorinalmunecar.com\/#organization"},"potentialAction":[{"@type":"SearchAction","target":{"@type":"EntryPoint","urlTemplate":"https:\/\/www.doctorinalmunecar.com\/?s={search_term_string}"},"query-input":{"@type":"PropertyValueSpecification","valueRequired":true,"valueName":"search_term_string"}}],"inLanguage":"sv-SE"},{"@type":"Organization","@id":"https:\/\/www.doctorinalmunecar.com\/#organization","name":"Doctor in Almu\u00f1ecar","url":"https:\/\/www.doctorinalmunecar.com\/","logo":{"@type":"ImageObject","inLanguage":"sv-SE","@id":"https:\/\/www.doctorinalmunecar.com\/#\/schema\/logo\/image\/","url":"https:\/\/www.doctorinalmunecar.com\/wp-content\/uploads\/2021\/12\/logo-small.jpg","contentUrl":"https:\/\/www.doctorinalmunecar.com\/wp-content\/uploads\/2021\/12\/logo-small.jpg","width":204,"height":205,"caption":"Doctor in Almu\u00f1ecar"},"image":{"@id":"https:\/\/www.doctorinalmunecar.com\/#\/schema\/logo\/image\/"}}]}},"jetpack_sharing_enabled":true,"_links":{"self":[{"href":"https:\/\/www.doctorinalmunecar.com\/sv\/wp-json\/wp\/v2\/pages\/4590"}],"collection":[{"href":"https:\/\/www.doctorinalmunecar.com\/sv\/wp-json\/wp\/v2\/pages"}],"about":[{"href":"https:\/\/www.doctorinalmunecar.com\/sv\/wp-json\/wp\/v2\/types\/page"}],"author":[{"embeddable":true,"href":"https:\/\/www.doctorinalmunecar.com\/sv\/wp-json\/wp\/v2\/users\/1"}],"replies":[{"embeddable":true,"href":"https:\/\/www.doctorinalmunecar.com\/sv\/wp-json\/wp\/v2\/comments?post=4590"}],"version-history":[{"count":11,"href":"https:\/\/www.doctorinalmunecar.com\/sv\/wp-json\/wp\/v2\/pages\/4590\/revisions"}],"predecessor-version":[{"id":4743,"href":"https:\/\/www.doctorinalmunecar.com\/sv\/wp-json\/wp\/v2\/pages\/4590\/revisions\/4743"}],"wp:attachment":[{"href":"https:\/\/www.doctorinalmunecar.com\/sv\/wp-json\/wp\/v2\/media?parent=4590"}],"curies":[{"name":"wp","href":"https:\/\/api.w.org\/{rel}","templated":true}]}}